{"id":64006,"date":"2024-04-05T08:41:52","date_gmt":"2024-04-05T06:41:52","guid":{"rendered":"https:\/\/wircon.com\/wircon\/"},"modified":"2024-04-16T11:43:26","modified_gmt":"2024-04-16T09:43:26","slug":"wircon-sappelle-desormais-starvert-energy","status":"publish","type":"page","link":"https:\/\/starvert-energy.com\/fr\/wircon-sappelle-desormais-starvert-energy\/","title":{"rendered":"WIRCON s\u2019appelle d\u00e9sormais STARVERT\u00a0Energy"},"content":{"rendered":"\t\t<div data-elementor-type=\"wp-page\" data-elementor-id=\"64006\" class=\"elementor elementor-64006\" data-elementor-post-type=\"page\">\n\t\t\t\t<div class=\"elementor-element elementor-element-f232418 elementor-hidden-desktop elementor-hidden-tablet e-flex e-con-boxed e-con e-parent\" data-id=\"f232418\" data-element_type=\"container\" data-settings=\"{&quot;background_background&quot;:&quot;classic&quot;}\">\n\t\t\t\t\t<div class=\"e-con-inner\">\n\t\t\t\t\t<\/div>\n\t\t\t\t<\/div>\n\t\t<div class=\"elementor-element elementor-element-debee8c e-con-full elementor-hidden-mobile e-flex e-con e-parent\" data-id=\"debee8c\" data-element_type=\"container\" data-settings=\"{&quot;background_background&quot;:&quot;classic&quot;}\">\n\t\t\t\t<\/div>\n\t\t<div class=\"elementor-element elementor-element-aa85f63 e-flex e-con-boxed e-con e-parent\" data-id=\"aa85f63\" data-element_type=\"container\">\n\t\t\t\t\t<div class=\"e-con-inner\">\n\t\t<div class=\"elementor-element elementor-element-198ccf8 e-con-full e-flex e-con e-child\" data-id=\"198ccf8\" data-element_type=\"container\">\n\t\t\t\t<div class=\"elementor-element elementor-element-5da1c29 elementor-widget elementor-widget-heading\" data-id=\"5da1c29\" data-element_type=\"widget\" data-widget_type=\"heading.default\">\n\t\t\t\t<div class=\"elementor-widget-container\">\n\t\t\t\t\t<h2 class=\"elementor-heading-title elementor-size-default\">WIRCON s\u2019appelle d\u00e9sormais STARVERT Energy.<\/h2>\t\t\t\t<\/div>\n\t\t\t\t<\/div>\n\t\t\t\t<div class=\"elementor-element elementor-element-f79e8c1 elementor-widget elementor-widget-text-editor\" data-id=\"f79e8c1\" data-element_type=\"widget\" data-widget_type=\"text-editor.default\">\n\t\t\t\t<div class=\"elementor-widget-container\">\n\t\t\t\t\t\t\t\t\t<p>\u00a0<\/p><p>Vous connaissez notre soci\u00e9t\u00e9 sous le nom de WIRCON. Elle est pour vous un partenaire fiable s\u2019appuyant sur un savoir-faire de longue date dans le d\u00e9veloppement, l\u2019installation et l\u2019exploitation de parcs solaires. Le 09\/04\/2024 WIRCON est devenue<\/p>\t\t\t\t\t\t\t\t<\/div>\n\t\t\t\t<\/div>\n\t\t\t\t<\/div>\n\t\t<div class=\"elementor-element elementor-element-bfdf421 e-con-full e-flex e-con e-child\" data-id=\"bfdf421\" data-element_type=\"container\">\n\t\t\t\t<div class=\"elementor-element elementor-element-74c7b77 elementor-widget elementor-widget-image\" data-id=\"74c7b77\" data-element_type=\"widget\" data-widget_type=\"image.default\">\n\t\t\t\t<div class=\"elementor-widget-container\">\n\t\t\t\t\t\t\t\t\t\t\t\t\t\t\t<img fetchpriority=\"high\" decoding=\"async\" width=\"800\" height=\"246\" src=\"https:\/\/starvert-energy.com\/wp-content\/uploads\/2024\/03\/STARVERT_Logo_color_rgb-1024x315.png\" class=\"attachment-large size-large wp-image-63217\" alt=\"\" srcset=\"https:\/\/starvert-energy.com\/wp-content\/uploads\/2024\/03\/STARVERT_Logo_color_rgb-1024x315.png 1024w, https:\/\/starvert-energy.com\/wp-content\/uploads\/2024\/03\/STARVERT_Logo_color_rgb-300x92.png 300w, https:\/\/starvert-energy.com\/wp-content\/uploads\/2024\/03\/STARVERT_Logo_color_rgb-768x237.png 768w, https:\/\/starvert-energy.com\/wp-content\/uploads\/2024\/03\/STARVERT_Logo_color_rgb.png 1182w\" sizes=\"(max-width: 800px) 100vw, 800px\" \/>\t\t\t\t\t\t\t\t\t\t\t\t\t\t\t<\/div>\n\t\t\t\t<\/div>\n\t\t\t\t<div class=\"elementor-element elementor-element-c93c605 elementor-widget elementor-widget-heading\" data-id=\"c93c605\" data-element_type=\"widget\" data-widget_type=\"heading.default\">\n\t\t\t\t<div class=\"elementor-widget-container\">\n\t\t\t\t\t<h2 class=\"elementor-heading-title elementor-size-default\">Converting sun into progress<\/h2>\t\t\t\t<\/div>\n\t\t\t\t<\/div>\n\t\t\t\t<\/div>\n\t\t\t\t\t<\/div>\n\t\t\t\t<\/div>\n\t\t<div class=\"elementor-element elementor-element-e032c75 e-flex e-con-boxed e-con e-parent\" data-id=\"e032c75\" data-element_type=\"container\" data-settings=\"{&quot;background_background&quot;:&quot;classic&quot;}\">\n\t\t\t\t\t<div class=\"e-con-inner\">\n\t\t<div class=\"elementor-element elementor-element-50b3afc e-con-full e-flex e-con e-child\" data-id=\"50b3afc\" data-element_type=\"container\">\n\t\t\t\t<div class=\"elementor-element elementor-element-89f245f elementor-widget elementor-widget-heading\" data-id=\"89f245f\" data-element_type=\"widget\" data-widget_type=\"heading.default\">\n\t\t\t\t<div class=\"elementor-widget-container\">\n\t\t\t\t\t<h2 class=\"elementor-heading-title elementor-size-default\">Notre mission<\/h2>\t\t\t\t<\/div>\n\t\t\t\t<\/div>\n\t\t\t\t<\/div>\n\t\t<div class=\"elementor-element elementor-element-9483444 e-con-full e-flex e-con e-child\" data-id=\"9483444\" data-element_type=\"container\">\n\t\t\t\t<div class=\"elementor-element elementor-element-272c17f elementor-widget elementor-widget-image\" data-id=\"272c17f\" data-element_type=\"widget\" data-widget_type=\"image.default\">\n\t\t\t\t<div class=\"elementor-widget-container\">\n\t\t\t\t\t\t\t\t\t\t\t\t\t\t\t<img decoding=\"async\" width=\"143\" height=\"130\" src=\"https:\/\/starvert-energy.com\/wp-content\/uploads\/2024\/03\/Haken.svg\" class=\"attachment-large size-large wp-image-63240\" alt=\"\" \/>\t\t\t\t\t\t\t\t\t\t\t\t\t\t\t<\/div>\n\t\t\t\t<\/div>\n\t\t\t\t<\/div>\n\t\t<div class=\"elementor-element elementor-element-ccbb8c1 e-con-full e-flex e-con e-child\" data-id=\"ccbb8c1\" data-element_type=\"container\">\n\t\t\t\t<div class=\"elementor-element elementor-element-72874eb elementor-widget elementor-widget-text-editor\" data-id=\"72874eb\" data-element_type=\"widget\" data-widget_type=\"text-editor.default\">\n\t\t\t\t<div class=\"elementor-widget-container\">\n\t\t\t\t\t\t\t\t\t<p>Forts d\u2019un exceptionnel degr\u00e9 d\u2019expertise et mus par une v\u00e9ritable volont\u00e9 de performance maximale, nous poursuivons, gr\u00e2ce \u00e0 nos parcs solaires nationaux et internationaux, notre objectif visant \u00e0 assurer la production du kilowattheure d\u2019\u00e9lectricit\u00e9 verte le moins cher qui soit \u00e0 partir de l\u2019\u00e9nergie solaire.<\/p>\n<p>Gr\u00e2ce \u00e0 la robuste structure de notre capital, \u00e0 notre capacit\u00e9 d\u2019anticipation et au dynamisme qui nous caract\u00e9rise, nous sommes en mesure d\u2019assurer l\u2019int\u00e9gralit\u00e9 du d\u00e9veloppement, de la construction et de l\u2019exploitation de nos r\u00e9alisations dans notre domaine d\u2019activit\u00e9. Telle est la raison pour laquelle nous estimons que notre entreprise constitue un facteur de r\u00e9ussite \u00e0 votre service ainsi qu\u2019\u00e0 celui de tous ceux qui recherchent plus qu\u2019un simple d\u00e9veloppeur de projets de parcs solaires.<\/p>\n<p>C\u2019est \u00e0 cet effet que nos objectifs strat\u00e9giques se trouvent solidement ancr\u00e9s \u00e0 tous les niveaux de l\u2019entreprise et ax\u00e9s sur le long terme, la durabilit\u00e9 et une croissance s\u00fbre ; \u00e0 votre service et conform\u00e9ment au sens que nous donnons \u00e0 la responsabilit\u00e9 soci\u00e9tale qui est la n\u00f4tre.<\/p>\n<p>Nous consid\u00e9rons la collaboration qui nous lie comme un partenariat tangible et durable dans la r\u00e9ussite.<\/p>\n\t\t\t\t\t\t\t\t<\/div>\n\t\t\t\t<\/div>\n\t\t\t\t<\/div>\n\t\t\t\t\t<\/div>\n\t\t\t\t<\/div>\n\t\t<div class=\"elementor-element elementor-element-d45bdb2 e-con-full e-flex e-con e-parent\" data-id=\"d45bdb2\" data-element_type=\"container\" data-settings=\"{&quot;background_background&quot;:&quot;classic&quot;}\">\n\t\t\t\t<div class=\"elementor-element elementor-element-0d42adf elementor-widget elementor-widget-spacer\" data-id=\"0d42adf\" data-element_type=\"widget\" data-widget_type=\"spacer.default\">\n\t\t\t\t<div class=\"elementor-widget-container\">\n\t\t\t\t\t\t\t<div class=\"elementor-spacer\">\n\t\t\t<div class=\"elementor-spacer-inner\"><\/div>\n\t\t<\/div>\n\t\t\t\t\t\t<\/div>\n\t\t\t\t<\/div>\n\t\t\t\t<\/div>\n\t\t\t\t<\/div>\n\t\t","protected":false},"excerpt":{"rendered":"<p>WIRCON s\u2019appelle d\u00e9sormais STARVERT Energy. \u00a0 Vous connaissez notre soci\u00e9t\u00e9 sous le nom de WIRCON. Elle est pour vous un partenaire fiable s\u2019appuyant sur un savoir-faire de longue date dans le d\u00e9veloppement, l\u2019installation et l\u2019exploitation de parcs solaires. Le 09\/04\/2024 WIRCON est devenue Converting sun into progress Notre mission Forts d\u2019un exceptionnel degr\u00e9 d\u2019expertise et [&hellip;]<\/p>\n","protected":false},"author":1,"featured_media":0,"parent":0,"menu_order":0,"comment_status":"closed","ping_status":"closed","template":"","meta":{"footnotes":""},"class_list":["post-64006","page","type-page","status-publish","hentry"],"_links":{"self":[{"href":"https:\/\/starvert-energy.com\/fr\/wp-json\/wp\/v2\/pages\/64006","targetHints":{"allow":["GET"]}}],"collection":[{"href":"https:\/\/starvert-energy.com\/fr\/wp-json\/wp\/v2\/pages"}],"about":[{"href":"https:\/\/starvert-energy.com\/fr\/wp-json\/wp\/v2\/types\/page"}],"author":[{"embeddable":true,"href":"https:\/\/starvert-energy.com\/fr\/wp-json\/wp\/v2\/users\/1"}],"replies":[{"embeddable":true,"href":"https:\/\/starvert-energy.com\/fr\/wp-json\/wp\/v2\/comments?post=64006"}],"version-history":[{"count":3,"href":"https:\/\/starvert-energy.com\/fr\/wp-json\/wp\/v2\/pages\/64006\/revisions"}],"predecessor-version":[{"id":65691,"href":"https:\/\/starvert-energy.com\/fr\/wp-json\/wp\/v2\/pages\/64006\/revisions\/65691"}],"wp:attachment":[{"href":"https:\/\/starvert-energy.com\/fr\/wp-json\/wp\/v2\/media?parent=64006"}],"curies":[{"name":"wp","href":"https:\/\/api.w.org\/{rel}","templated":true}]}}