{"id":64030,"date":"2024-04-05T11:10:24","date_gmt":"2024-04-05T09:10:24","guid":{"rendered":"https:\/\/wircon.com\/mentions-legales-2\/"},"modified":"2025-07-01T07:55:45","modified_gmt":"2025-07-01T05:55:45","slug":"mentions-legales","status":"publish","type":"page","link":"https:\/\/starvert-energy.com\/fr\/mentions-legales\/","title":{"rendered":"Mentions l\u00e9gales"},"content":{"rendered":"\t\t<div data-elementor-type=\"wp-page\" data-elementor-id=\"64030\" class=\"elementor elementor-64030 elementor-63589\" data-elementor-post-type=\"page\">\n\t\t\t\t<div class=\"elementor-element elementor-element-f2622f9 e-con-full e-flex e-con e-parent\" data-id=\"f2622f9\" data-element_type=\"container\" data-settings=\"{&quot;background_background&quot;:&quot;classic&quot;}\">\n\t\t\t\t<div class=\"elementor-element elementor-element-820e68f elementor-widget elementor-widget-heading\" data-id=\"820e68f\" data-element_type=\"widget\" data-widget_type=\"heading.default\">\n\t\t\t\t<div class=\"elementor-widget-container\">\n\t\t\t\t\t<h2 class=\"elementor-heading-title elementor-size-default\">Mentions l\u00e9gales<\/h2>\t\t\t\t<\/div>\n\t\t\t\t<\/div>\n\t\t\t\t<\/div>\n\t\t<div class=\"elementor-element elementor-element-de4323f e-con-full e-flex e-con e-parent\" data-id=\"de4323f\" data-element_type=\"container\" data-settings=\"{&quot;background_background&quot;:&quot;classic&quot;}\">\n\t\t\t\t<div class=\"elementor-element elementor-element-fa7e79d elementor-widget elementor-widget-spacer\" data-id=\"fa7e79d\" data-element_type=\"widget\" data-widget_type=\"spacer.default\">\n\t\t\t\t<div class=\"elementor-widget-container\">\n\t\t\t\t\t\t\t<div class=\"elementor-spacer\">\n\t\t\t<div class=\"elementor-spacer-inner\"><\/div>\n\t\t<\/div>\n\t\t\t\t\t\t<\/div>\n\t\t\t\t<\/div>\n\t\t\t\t<\/div>\n\t\t<div class=\"elementor-element elementor-element-f2ba135 e-flex e-con-boxed e-con e-parent\" data-id=\"f2ba135\" data-element_type=\"container\">\n\t\t\t\t\t<div class=\"e-con-inner\">\n\t\t<div class=\"elementor-element elementor-element-fc1e51d e-con-full e-flex e-con e-child\" data-id=\"fc1e51d\" data-element_type=\"container\">\n\t\t\t\t<div class=\"elementor-element elementor-element-1c4127f elementor-widget elementor-widget-heading\" data-id=\"1c4127f\" data-element_type=\"widget\" data-widget_type=\"heading.default\">\n\t\t\t\t<div class=\"elementor-widget-container\">\n\t\t\t\t\t<h2 class=\"elementor-heading-title elementor-size-default\">Mentions l\u00e9gales<\/h2>\t\t\t\t<\/div>\n\t\t\t\t<\/div>\n\t\t\t\t<div class=\"elementor-element elementor-element-fba7665 elementor-widget elementor-widget-heading\" data-id=\"fba7665\" data-element_type=\"widget\" data-widget_type=\"heading.default\">\n\t\t\t\t<div class=\"elementor-widget-container\">\n\t\t\t\t\t<h2 class=\"elementor-heading-title elementor-size-default\">Fournisseur au sens du \u00a7 5 de la Loi allemande relative aux t\u00e9l\u00e9m\u00e9dias (Telemediengesetz, TMG) :<\/h2>\t\t\t\t<\/div>\n\t\t\t\t<\/div>\n\t\t\t\t<\/div>\n\t\t<div class=\"elementor-element elementor-element-25f8845 e-con-full e-flex e-con e-child\" data-id=\"25f8845\" data-element_type=\"container\">\n\t\t\t\t<div class=\"elementor-element elementor-element-28e519a elementor-widget elementor-widget-text-editor\" data-id=\"28e519a\" data-element_type=\"widget\" data-widget_type=\"text-editor.default\">\n\t\t\t\t<div class=\"elementor-widget-container\">\n\t\t\t\t\t\t\t\t\t<p><strong>STARVERT New Energy GmbH<\/strong><br \/>Hans-Thoma-Stra\u00dfe 22<br \/>68163 Mannheim<br \/>Allemagne<\/p><p><strong>Repr\u00e9sent\u00e9e par<\/strong><br \/>le g\u00e9rant Jakob Siemss<\/p><p>STARVERT New Energy GmbH est une soci\u00e9t\u00e9 \u00e0 responsabilit\u00e9 limit\u00e9e constitu\u00e9e conform\u00e9ment \u00e0 la Loi allemande relatives aux SARL (<em>GmbH-Gesetz<\/em>). Sise \u00e0 Mannheim (Allemagne), elle est inscrite au registre du commerce du tribunal d\u2019instance (<em>Amtsgericht<\/em>) de Mannheim sous le num\u00e9ro HRB 752601.<\/p><p><strong>Num\u00e9ro de TVA intracommunautaire (\u00a7\u00a027a de la Loi allemande relative \u00e0 la taxe sur le chiffre d\u2019affaires (<em>Umsatzsteuergesetz<\/em>)<\/strong><\/p><p>UST-ID: DE451363322<\/p><p><strong>Coordonn\u00e9es:<\/strong><br \/>T\u00e9l\u00e9phone\u00a0: +49\u00a0(0)\u00a0621\u00a0\/\u00a017293400<br \/>T\u00e9l\u00e9copie\u00a0: +49 (0) 621 \/ 17293499<br \/>Adresse \u00e9lectronique : info@starvert-energy.com<br \/>Internet : www.starvert-energy.com<\/p><p><strong>Responsable du contenu selon le \u00a7\u00a055, par. 2 de l\u2019Accord entre les L\u00e4nder sur les m\u00e9dias (<em>Medienstaatsvertrag<\/em>)<\/strong><br \/>STARVERT New Energy GmbH, le responsable Jakob Siemss, Hans-Thoma-Stra\u00dfe 22, 68163 Mannheim, Allemagne<\/p><p><strong>Responsabilit\u00e9<\/strong><br \/>Nous sommes responsables du contenu de nos pages Internet conform\u00e9ment aux lois g\u00e9n\u00e9rales, notamment au titre du \u00a7\u00a07, par.\u00a01 de la loi allemande TMG. Les contenus sont tous \u00e9labor\u00e9s avec tout le soin requis et au mieux de nos connaissances. Dans la mesure o\u00f9 nous renvoyons sur nos pages Internet \u00e0 des pages Internet de tiers au moyen d\u2019hyperliens, nous ne pouvons garantir l\u2019actualit\u00e9, l\u2019exactitude et l\u2019exhaustivit\u00e9 des contenus mis en lien, car ces contenus ne rel\u00e8vent pas de notre responsabilit\u00e9 et parce que nous n\u2019avons aucune influence sur leur conception future.\u00a0Si vous deviez estimer que des contenus enfreignent la l\u00e9gislation en vigueur ou qu\u2019ils sont inappropri\u00e9s, veuillez alors nous en informer.<\/p><p>Les informations juridiques figurant sur la pr\u00e9sente page ainsi que la totalit\u00e9 des questions et litiges ayant trait au pr\u00e9sent site Internet sont r\u00e9gis par le droit de la R\u00e9publique f\u00e9d\u00e9rale d\u2019Allemagne.<\/p>\t\t\t\t\t\t\t\t<\/div>\n\t\t\t\t<\/div>\n\t\t\t\t<\/div>\n\t\t\t\t\t<\/div>\n\t\t\t\t<\/div>\n\t\t\t\t<\/div>\n\t\t","protected":false},"excerpt":{"rendered":"<p>Mentions l\u00e9gales Mentions l\u00e9gales Fournisseur au sens du \u00a7 5 de la Loi allemande relative aux t\u00e9l\u00e9m\u00e9dias (Telemediengesetz, TMG) : STARVERT New Energy GmbHHans-Thoma-Stra\u00dfe 2268163 MannheimAllemagne Repr\u00e9sent\u00e9e parle g\u00e9rant Jakob Siemss STARVERT New Energy GmbH est une soci\u00e9t\u00e9 \u00e0 responsabilit\u00e9 limit\u00e9e constitu\u00e9e conform\u00e9ment \u00e0 la Loi allemande relatives aux SARL (GmbH-Gesetz). Sise \u00e0 Mannheim (Allemagne), [&hellip;]<\/p>\n","protected":false},"author":1,"featured_media":0,"parent":0,"menu_order":0,"comment_status":"closed","ping_status":"closed","template":"","meta":{"footnotes":""},"class_list":["post-64030","page","type-page","status-publish","hentry"],"_links":{"self":[{"href":"https:\/\/starvert-energy.com\/fr\/wp-json\/wp\/v2\/pages\/64030","targetHints":{"allow":["GET"]}}],"collection":[{"href":"https:\/\/starvert-energy.com\/fr\/wp-json\/wp\/v2\/pages"}],"about":[{"href":"https:\/\/starvert-energy.com\/fr\/wp-json\/wp\/v2\/types\/page"}],"author":[{"embeddable":true,"href":"https:\/\/starvert-energy.com\/fr\/wp-json\/wp\/v2\/users\/1"}],"replies":[{"embeddable":true,"href":"https:\/\/starvert-energy.com\/fr\/wp-json\/wp\/v2\/comments?post=64030"}],"version-history":[{"count":3,"href":"https:\/\/starvert-energy.com\/fr\/wp-json\/wp\/v2\/pages\/64030\/revisions"}],"predecessor-version":[{"id":66954,"href":"https:\/\/starvert-energy.com\/fr\/wp-json\/wp\/v2\/pages\/64030\/revisions\/66954"}],"wp:attachment":[{"href":"https:\/\/starvert-energy.com\/fr\/wp-json\/wp\/v2\/media?parent=64030"}],"curies":[{"name":"wp","href":"https:\/\/api.w.org\/{rel}","templated":true}]}}